{"id":4869,"date":"2022-12-16T11:04:08","date_gmt":"2022-12-16T11:04:08","guid":{"rendered":"https:\/\/drama.art\/?page_id=4869"},"modified":"2026-02-24T13:02:19","modified_gmt":"2026-02-24T13:02:19","slug":"blog","status":"publish","type":"page","link":"https:\/\/drama.art\/fr\/blog\/","title":{"rendered":"Blog"},"content":{"rendered":"<div data-elementor-type=\"wp-page\" data-elementor-id=\"4869\" class=\"elementor elementor-4869\" data-elementor-post-type=\"page\">\n\t\t\t\t<div class=\"elementor-element elementor-element-35e660b e-con-full e-flex e-con e-parent\" data-id=\"35e660b\" data-element_type=\"container\" data-e-type=\"container\">\n\t\t<div class=\"elementor-element elementor-element-35d380c e-con-full e-flex e-con e-child\" data-id=\"35d380c\" data-element_type=\"container\" data-e-type=\"container\">\n\t\t\t\t<div class=\"elementor-element elementor-element-eac4167 elementor-widget elementor-widget-heading\" data-id=\"eac4167\" data-element_type=\"widget\" data-e-type=\"widget\" data-widget_type=\"heading.default\">\n\t\t\t\t<div class=\"elementor-widget-container\">\n\t\t\t\t\t<h2 class=\"elementor-heading-title elementor-size-default\">DRAMA TRAVELLERS JOURNAL<\/h2>\t\t\t\t<\/div>\n\t\t\t\t<\/div>\n\t\t\t\t<div class=\"elementor-element elementor-element-4c4f3cc elementor-widget elementor-widget-text-editor\" data-id=\"4c4f3cc\" data-element_type=\"widget\" data-e-type=\"widget\" data-widget_type=\"text-editor.default\">\n\t\t\t\t<div class=\"elementor-widget-container\">\n\t\t\t\t\t\t\t\t\t<p>Nous sommes heureux de constater la croissance de nombreux studios avec lesquels nous sommes en concurrence. Drama ne sera jamais une grande entreprise avec des dizaines d'employ\u00e9s. Nous sommes plut\u00f4t une petite famille pleine d'affection, de contradictions et de difficult\u00e9s pour \u00eatre meilleurs chaque jour. Nous voulons partager avec vous un petit carnet de voyage.\u00a0<\/p>\t\t\t\t\t\t\t\t<\/div>\n\t\t\t\t<\/div>\n\t\t\t\t<\/div>\n\t\t<div class=\"elementor-element elementor-element-1db7dcb e-con-full e-flex e-con e-child\" data-id=\"1db7dcb\" data-element_type=\"container\" data-e-type=\"container\">\n\t\t\t\t<div class=\"elementor-element elementor-element-7e7aca7 elementor-grid-6 elementor-posts--align-left elementor-grid-tablet-2 elementor-grid-mobile-1 elementor-posts--thumbnail-top elementor-widget elementor-widget-posts\" data-id=\"7e7aca7\" data-element_type=\"widget\" data-e-type=\"widget\" data-settings=\"{&quot;classic_columns&quot;:&quot;6&quot;,&quot;classic_columns_tablet&quot;:&quot;2&quot;,&quot;classic_columns_mobile&quot;:&quot;1&quot;,&quot;classic_row_gap&quot;:{&quot;unit&quot;:&quot;px&quot;,&quot;size&quot;:35,&quot;sizes&quot;:[]},&quot;classic_row_gap_laptop&quot;:{&quot;unit&quot;:&quot;px&quot;,&quot;size&quot;:&quot;&quot;,&quot;sizes&quot;:[]},&quot;classic_row_gap_tablet&quot;:{&quot;unit&quot;:&quot;px&quot;,&quot;size&quot;:&quot;&quot;,&quot;sizes&quot;:[]},&quot;classic_row_gap_mobile&quot;:{&quot;unit&quot;:&quot;px&quot;,&quot;size&quot;:&quot;&quot;,&quot;sizes&quot;:[]}}\" data-widget_type=\"posts.classic\">\n\t\t\t\t<div class=\"elementor-widget-container\">\n\t\t\t\t\t\t\t<div class=\"elementor-posts-container elementor-posts elementor-posts--skin-classic elementor-grid\" role=\"list\">\n\t\t\t\t<article class=\"elementor-post elementor-grid-item post-49939 post type-post status-publish format-standard has-post-thumbnail hentry category-blog\" role=\"listitem\">\n\t\t\t\t<a class=\"elementor-post__thumbnail__link\" href=\"https:\/\/drama.art\/fr\/fran-time-to-watch-the-tape\/\" tabindex=\"-1\" >\n\t\t\t<div class=\"elementor-post__thumbnail\"><img fetchpriority=\"high\" decoding=\"async\" width=\"300\" height=\"226\" src=\"https:\/\/drama.art\/wp-content\/uploads\/2025\/04\/dama_blog_2-300x226.png\" class=\"attachment-medium size-medium wp-image-49940\" alt=\"\" srcset=\"https:\/\/drama.art\/wp-content\/uploads\/2025\/04\/dama_blog_2-300x226.png 300w, https:\/\/drama.art\/wp-content\/uploads\/2025\/04\/dama_blog_2-1024x771.png 1024w, https:\/\/drama.art\/wp-content\/uploads\/2025\/04\/dama_blog_2-768x578.png 768w\" sizes=\"(max-width: 300px) 100vw, 300px\" \/><\/div>\n\t\t<\/a>\n\t\t\t\t<div class=\"elementor-post__text\">\n\t\t\t\t<h3 class=\"elementor-post__title\">\n\t\t\t<a href=\"https:\/\/drama.art\/fr\/fran-time-to-watch-the-tape\/\" >\n\t\t\t\tFran, il est temps de regarder la cassette\t\t\t<\/a>\n\t\t<\/h3>\n\t\t\t\t<div class=\"elementor-post__meta-data\">\n\t\t\t\t\t<span class=\"elementor-post-author\">\n\t\t\tFran Mateos\t\t<\/span>\n\t\t\t\t<span class=\"elementor-post-date\">\n\t\t\t04\/22\/2025\t\t<\/span>\n\t\t\t\t<\/div>\n\t\t\t\t<\/div>\n\t\t\t\t<\/article>\n\t\t\t\t<article class=\"elementor-post elementor-grid-item post-34788 post type-post status-publish format-standard has-post-thumbnail hentry category-blog\" role=\"listitem\">\n\t\t\t\t<a class=\"elementor-post__thumbnail__link\" href=\"https:\/\/drama.art\/fr\/has-this-ever-happened-to-you\/\" tabindex=\"-1\" >\n\t\t\t<div class=\"elementor-post__thumbnail\"><img decoding=\"async\" width=\"300\" height=\"225\" src=\"https:\/\/drama.art\/wp-content\/uploads\/2025\/04\/vaso_drama-300x225.jpg\" class=\"attachment-medium size-medium wp-image-49938\" alt=\"\" srcset=\"https:\/\/drama.art\/wp-content\/uploads\/2025\/04\/vaso_drama-300x225.jpg 300w, https:\/\/drama.art\/wp-content\/uploads\/2025\/04\/vaso_drama-1024x768.jpg 1024w, https:\/\/drama.art\/wp-content\/uploads\/2025\/04\/vaso_drama-768x576.jpg 768w, https:\/\/drama.art\/wp-content\/uploads\/2025\/04\/vaso_drama-16x12.jpg 16w, https:\/\/drama.art\/wp-content\/uploads\/2025\/04\/vaso_drama.jpg 1366w\" sizes=\"(max-width: 300px) 100vw, 300px\" \/><\/div>\n\t\t<\/a>\n\t\t\t\t<div class=\"elementor-post__text\">\n\t\t\t\t<h3 class=\"elementor-post__title\">\n\t\t\t<a href=\"https:\/\/drama.art\/fr\/has-this-ever-happened-to-you\/\" >\n\t\t\t\tCela vous est-il d\u00e9j\u00e0 arriv\u00e9 ?\t\t\t<\/a>\n\t\t<\/h3>\n\t\t\t\t<div class=\"elementor-post__meta-data\">\n\t\t\t\t\t<span class=\"elementor-post-author\">\n\t\t\tFran Mateos\t\t<\/span>\n\t\t\t\t<span class=\"elementor-post-date\">\n\t\t\t04\/19\/2024\t\t<\/span>\n\t\t\t\t<\/div>\n\t\t\t\t<\/div>\n\t\t\t\t<\/article>\n\t\t\t\t<\/div>\n\t\t\n\t\t\t\t\t\t<\/div>\n\t\t\t\t<\/div>\n\t\t\t\t<\/div>\n\t\t\t\t<\/div>\n\t\t\t\t<\/div>","protected":false},"excerpt":{"rendered":"<p>DRAMA TRAVELLERS JOURNAL We are pleased to note the growth of many studios with which we compete. Drama will never be a huge company with<\/p>","protected":false},"author":1,"featured_media":0,"parent":0,"menu_order":0,"comment_status":"closed","ping_status":"closed","template":"elementor_header_footer","meta":{"_acf_changed":false,"footnotes":""},"class_list":["post-4869","page","type-page","status-publish","hentry"],"acf":[],"_links":{"self":[{"href":"https:\/\/drama.art\/fr\/wp-json\/wp\/v2\/pages\/4869","targetHints":{"allow":["GET"]}}],"collection":[{"href":"https:\/\/drama.art\/fr\/wp-json\/wp\/v2\/pages"}],"about":[{"href":"https:\/\/drama.art\/fr\/wp-json\/wp\/v2\/types\/page"}],"author":[{"embeddable":true,"href":"https:\/\/drama.art\/fr\/wp-json\/wp\/v2\/users\/1"}],"replies":[{"embeddable":true,"href":"https:\/\/drama.art\/fr\/wp-json\/wp\/v2\/comments?post=4869"}],"version-history":[{"count":3,"href":"https:\/\/drama.art\/fr\/wp-json\/wp\/v2\/pages\/4869\/revisions"}],"predecessor-version":[{"id":50956,"href":"https:\/\/drama.art\/fr\/wp-json\/wp\/v2\/pages\/4869\/revisions\/50956"}],"wp:attachment":[{"href":"https:\/\/drama.art\/fr\/wp-json\/wp\/v2\/media?parent=4869"}],"curies":[{"name":"wp","href":"https:\/\/api.w.org\/{rel}","templated":true}]}}