{"id":2762,"date":"2022-06-06T16:04:18","date_gmt":"2022-06-06T16:04:18","guid":{"rendered":"https:\/\/www.drama.ws\/?page_id=2762"},"modified":"2026-02-16T16:03:07","modified_gmt":"2026-02-16T16:03:07","slug":"services","status":"publish","type":"page","link":"https:\/\/drama.art\/es\/services\/","title":{"rendered":"Servicios"},"content":{"rendered":"<div data-elementor-type=\"wp-page\" data-elementor-id=\"2762\" class=\"elementor elementor-2762\" data-elementor-post-type=\"page\">\n\t\t\t\t<div class=\"elementor-element elementor-element-beb6c55 e-con-full e-flex e-con e-parent\" data-id=\"beb6c55\" data-element_type=\"container\" data-e-type=\"container\">\n\t\t<div class=\"elementor-element elementor-element-b9332d4 e-con-full e-flex e-con e-child\" data-id=\"b9332d4\" data-element_type=\"container\" data-e-type=\"container\">\n\t\t<div class=\"elementor-element elementor-element-cf2495d e-flex e-con-boxed e-con e-child\" data-id=\"cf2495d\" data-element_type=\"container\" data-e-type=\"container\">\n\t\t\t\t\t<div class=\"e-con-inner\">\n\t\t\t\t<div class=\"elementor-element elementor-element-06ef20a elementor-widget elementor-widget-heading\" data-id=\"06ef20a\" data-element_type=\"widget\" data-e-type=\"widget\" data-widget_type=\"heading.default\">\n\t\t\t\t<div class=\"elementor-widget-container\">\n\t\t\t\t\t<h2 class=\"elementor-heading-title elementor-size-default\">NUESTROS SERVICIOS<\/h2>\t\t\t\t<\/div>\n\t\t\t\t<\/div>\n\t\t\t\t\t<\/div>\n\t\t\t\t<\/div>\n\t\t<div class=\"elementor-element elementor-element-19d9e9c e-flex e-con-boxed e-con e-child\" data-id=\"19d9e9c\" data-element_type=\"container\" data-e-type=\"container\">\n\t\t\t\t\t<div class=\"e-con-inner\">\n\t\t\t\t<div class=\"elementor-element elementor-element-c7e00b1 elementor-widget elementor-widget-heading\" data-id=\"c7e00b1\" data-element_type=\"widget\" data-e-type=\"widget\" data-widget_type=\"heading.default\">\n\t\t\t\t<div class=\"elementor-widget-container\">\n\t\t\t\t\t<h2 class=\"elementor-heading-title elementor-size-default\">Drama naci\u00f3 como un estudio centrado en la creaci\u00f3n de im\u00e1genes para concursos. Con el tiempo, hemos evolucionado incorporando nuevas formas de narrar la arquitectura: desde maquetas f\u00edsicas hasta animaci\u00f3n y v\u00eddeo. Tambi\u00e9n ofrecemos servicios de fotograf\u00eda y reportajes de obra construida.<\/h2>\t\t\t\t<\/div>\n\t\t\t\t<\/div>\n\t\t\t\t\t<\/div>\n\t\t\t\t<\/div>\n\t\t\t\t<\/div>\n\t\t<div class=\"elementor-element elementor-element-1e13688 e-con-full e-flex e-con e-child\" data-id=\"1e13688\" data-element_type=\"container\" data-e-type=\"container\">\n\t\t\t\t<div class=\"elementor-element elementor-element-48c3ddf elementor-widget-divider--view-line elementor-widget elementor-widget-divider\" data-id=\"48c3ddf\" data-element_type=\"widget\" data-e-type=\"widget\" data-widget_type=\"divider.default\">\n\t\t\t\t<div class=\"elementor-widget-container\">\n\t\t\t\t\t\t\t<div class=\"elementor-divider\">\n\t\t\t<span class=\"elementor-divider-separator\">\n\t\t\t\t\t\t<\/span>\n\t\t<\/div>\n\t\t\t\t\t\t<\/div>\n\t\t\t\t<\/div>\n\t\t\t\t<\/div>\n\t\t<div class=\"elementor-element elementor-element-0c7ab4b e-con-full e-flex e-con e-child\" data-id=\"0c7ab4b\" data-element_type=\"container\" data-e-type=\"container\">\n\t\t<div class=\"elementor-element elementor-element-fbf5e9d e-con-full e-flex e-con e-child\" data-id=\"fbf5e9d\" data-element_type=\"container\" data-e-type=\"container\">\n\t\t<div class=\"elementor-element elementor-element-1c19d24 e-con-full e-flex e-con e-child\" data-id=\"1c19d24\" data-element_type=\"container\" data-e-type=\"container\">\n\t\t\t\t<div class=\"elementor-element elementor-element-1b0fbff elementor-widget elementor-widget-image\" data-id=\"1b0fbff\" data-element_type=\"widget\" data-e-type=\"widget\" data-widget_type=\"image.default\">\n\t\t\t\t<div class=\"elementor-widget-container\">\n\t\t\t\t\t\t\t\t\t\t\t\t\t\t\t<img fetchpriority=\"high\" decoding=\"async\" width=\"800\" height=\"421\" src=\"https:\/\/drama.art\/wp-content\/uploads\/2022\/09\/esquema-1024x539.jpg\" class=\"attachment-large size-large wp-image-4570\" alt=\"\" srcset=\"https:\/\/drama.art\/wp-content\/uploads\/2022\/09\/esquema-1024x539.jpg 1024w, https:\/\/drama.art\/wp-content\/uploads\/2022\/09\/esquema-300x158.jpg 300w, https:\/\/drama.art\/wp-content\/uploads\/2022\/09\/esquema-768x404.jpg 768w, https:\/\/drama.art\/wp-content\/uploads\/2022\/09\/esquema-1536x808.jpg 1536w, https:\/\/drama.art\/wp-content\/uploads\/2022\/09\/esquema.jpg 1582w\" sizes=\"(max-width: 800px) 100vw, 800px\" \/>\t\t\t\t\t\t\t\t\t\t\t\t\t\t\t<\/div>\n\t\t\t\t<\/div>\n\t\t\t\t<div class=\"elementor-element elementor-element-f4f01de elementor-widget elementor-widget-heading\" data-id=\"f4f01de\" data-element_type=\"widget\" data-e-type=\"widget\" data-widget_type=\"heading.default\">\n\t\t\t\t<div class=\"elementor-widget-container\">\n\t\t\t\t\t<h2 class=\"elementor-heading-title elementor-size-default\">ARQUITECTURA GR\u00c1FICA<\/h2>\t\t\t\t<\/div>\n\t\t\t\t<\/div>\n\t\t\t\t<div class=\"elementor-element elementor-element-6a41470 elementor-widget elementor-widget-heading\" data-id=\"6a41470\" data-element_type=\"widget\" data-e-type=\"widget\" data-widget_type=\"heading.default\">\n\t\t\t\t<div class=\"elementor-widget-container\">\n\t\t\t\t\t<h2 class=\"elementor-heading-title elementor-size-default\">Podemos dibujar su proyecto<\/h2>\t\t\t\t<\/div>\n\t\t\t\t<\/div>\n\t\t\t\t<\/div>\n\t\t<div class=\"elementor-element elementor-element-4e47d44 e-con-full e-flex e-con e-child\" data-id=\"4e47d44\" data-element_type=\"container\" data-e-type=\"container\">\n\t\t\t\t<div class=\"elementor-element elementor-element-d78b6da elementor-widget elementor-widget-image\" data-id=\"d78b6da\" data-element_type=\"widget\" data-e-type=\"widget\" data-widget_type=\"image.default\">\n\t\t\t\t<div class=\"elementor-widget-container\">\n\t\t\t\t\t\t\t\t\t\t\t\t\t\t\t<img decoding=\"async\" width=\"800\" height=\"666\" src=\"https:\/\/drama.art\/wp-content\/uploads\/2022\/09\/DRAMA_MOCKUP-1024x852.jpg\" class=\"attachment-large size-large wp-image-4533\" alt=\"\" srcset=\"https:\/\/drama.art\/wp-content\/uploads\/2022\/09\/DRAMA_MOCKUP-1024x852.jpg 1024w, https:\/\/drama.art\/wp-content\/uploads\/2022\/09\/DRAMA_MOCKUP-300x250.jpg 300w, https:\/\/drama.art\/wp-content\/uploads\/2022\/09\/DRAMA_MOCKUP-768x639.jpg 768w, https:\/\/drama.art\/wp-content\/uploads\/2022\/09\/DRAMA_MOCKUP-1536x1278.jpg 1536w, https:\/\/drama.art\/wp-content\/uploads\/2022\/09\/DRAMA_MOCKUP.jpg 1732w\" sizes=\"(max-width: 800px) 100vw, 800px\" \/>\t\t\t\t\t\t\t\t\t\t\t\t\t\t\t<\/div>\n\t\t\t\t<\/div>\n\t\t\t\t<div class=\"elementor-element elementor-element-616633f elementor-widget elementor-widget-heading\" data-id=\"616633f\" data-element_type=\"widget\" data-e-type=\"widget\" data-widget_type=\"heading.default\">\n\t\t\t\t<div class=\"elementor-widget-container\">\n\t\t\t\t\t<h2 class=\"elementor-heading-title elementor-size-default\">WEB Y COPYWRITTING<\/h2>\t\t\t\t<\/div>\n\t\t\t\t<\/div>\n\t\t\t\t<div class=\"elementor-element elementor-element-15ffed4 elementor-widget elementor-widget-heading\" data-id=\"15ffed4\" data-element_type=\"widget\" data-e-type=\"widget\" data-widget_type=\"heading.default\">\n\t\t\t\t<div class=\"elementor-widget-container\">\n\t\t\t\t\t<h2 class=\"elementor-heading-title elementor-size-default\">Lleguemos a su p\u00fablico<\/h2>\t\t\t\t<\/div>\n\t\t\t\t<\/div>\n\t\t\t\t<\/div>\n\t\t<div class=\"elementor-element elementor-element-81e1e81 e-con-full e-flex e-con e-child\" data-id=\"81e1e81\" data-element_type=\"container\" data-e-type=\"container\">\n\t\t\t\t<div class=\"elementor-element elementor-element-6d053d6 elementor-widget elementor-widget-image\" data-id=\"6d053d6\" data-element_type=\"widget\" data-e-type=\"widget\" data-widget_type=\"image.default\">\n\t\t\t\t<div class=\"elementor-widget-container\">\n\t\t\t\t\t\t\t\t\t\t\t\t\t\t\t<img decoding=\"async\" width=\"420\" height=\"236\" src=\"https:\/\/drama.art\/wp-content\/uploads\/2022\/09\/RealisticAnimation.gif\" class=\"attachment-large size-large wp-image-4695\" alt=\"\" \/>\t\t\t\t\t\t\t\t\t\t\t\t\t\t\t<\/div>\n\t\t\t\t<\/div>\n\t\t\t\t<div class=\"elementor-element elementor-element-7a5c0b2 elementor-widget elementor-widget-heading\" data-id=\"7a5c0b2\" data-element_type=\"widget\" data-e-type=\"widget\" data-widget_type=\"heading.default\">\n\t\t\t\t<div class=\"elementor-widget-container\">\n\t\t\t\t\t<h2 class=\"elementor-heading-title elementor-size-default\">V\u00cdDEO<\/h2>\t\t\t\t<\/div>\n\t\t\t\t<\/div>\n\t\t\t\t<div class=\"elementor-element elementor-element-5b12049 elementor-widget elementor-widget-heading\" data-id=\"5b12049\" data-element_type=\"widget\" data-e-type=\"widget\" data-widget_type=\"heading.default\">\n\t\t\t\t<div class=\"elementor-widget-container\">\n\t\t\t\t\t<h2 class=\"elementor-heading-title elementor-size-default\">\u00a1Hagamos que se mueva!<\/h2>\t\t\t\t<\/div>\n\t\t\t\t<\/div>\n\t\t\t\t<\/div>\n\t\t\t\t<\/div>\n\t\t<div class=\"elementor-element elementor-element-e6bf9e7 e-con-full e-flex e-con e-child\" data-id=\"e6bf9e7\" data-element_type=\"container\" data-e-type=\"container\">\n\t\t<div class=\"elementor-element elementor-element-bfa64f3 e-con-full e-flex e-con e-child\" data-id=\"bfa64f3\" data-element_type=\"container\" data-e-type=\"container\">\n\t\t\t\t<div class=\"elementor-element elementor-element-52c1a50 elementor-widget elementor-widget-image\" data-id=\"52c1a50\" data-element_type=\"widget\" data-e-type=\"widget\" data-widget_type=\"image.default\">\n\t\t\t\t<div class=\"elementor-widget-container\">\n\t\t\t\t\t\t\t\t\t\t\t\t\t\t\t<img loading=\"lazy\" decoding=\"async\" width=\"800\" height=\"800\" src=\"https:\/\/drama.art\/wp-content\/uploads\/2025\/04\/ARQUEOLOGIC_VESTIBULO_WEB-1024x1024.jpg\" class=\"attachment-large size-large wp-image-49866\" alt=\"\" srcset=\"https:\/\/drama.art\/wp-content\/uploads\/2025\/04\/ARQUEOLOGIC_VESTIBULO_WEB-1024x1024.jpg 1024w, https:\/\/drama.art\/wp-content\/uploads\/2025\/04\/ARQUEOLOGIC_VESTIBULO_WEB-300x300.jpg 300w, https:\/\/drama.art\/wp-content\/uploads\/2025\/04\/ARQUEOLOGIC_VESTIBULO_WEB-150x150.jpg 150w, https:\/\/drama.art\/wp-content\/uploads\/2025\/04\/ARQUEOLOGIC_VESTIBULO_WEB-768x768.jpg 768w, https:\/\/drama.art\/wp-content\/uploads\/2025\/04\/ARQUEOLOGIC_VESTIBULO_WEB-1536x1536.jpg 1536w, https:\/\/drama.art\/wp-content\/uploads\/2025\/04\/ARQUEOLOGIC_VESTIBULO_WEB-2048x2048.jpg 2048w, https:\/\/drama.art\/wp-content\/uploads\/2025\/04\/ARQUEOLOGIC_VESTIBULO_WEB-12x12.jpg 12w, https:\/\/drama.art\/wp-content\/uploads\/2025\/04\/ARQUEOLOGIC_VESTIBULO_WEB-24x24.jpg 24w, https:\/\/drama.art\/wp-content\/uploads\/2025\/04\/ARQUEOLOGIC_VESTIBULO_WEB-48x48.jpg 48w, https:\/\/drama.art\/wp-content\/uploads\/2025\/04\/ARQUEOLOGIC_VESTIBULO_WEB-96x96.jpg 96w\" sizes=\"(max-width: 800px) 100vw, 800px\" \/>\t\t\t\t\t\t\t\t\t\t\t\t\t\t\t<\/div>\n\t\t\t\t<\/div>\n\t\t\t\t<div class=\"elementor-element elementor-element-aade548 elementor-widget elementor-widget-heading\" data-id=\"aade548\" data-element_type=\"widget\" data-e-type=\"widget\" data-widget_type=\"heading.default\">\n\t\t\t\t<div class=\"elementor-widget-container\">\n\t\t\t\t\t<h2 class=\"elementor-heading-title elementor-size-default\">IM\u00c1GENES<\/h2>\t\t\t\t<\/div>\n\t\t\t\t<\/div>\n\t\t\t\t<div class=\"elementor-element elementor-element-5beb014 elementor-widget elementor-widget-heading\" data-id=\"5beb014\" data-element_type=\"widget\" data-e-type=\"widget\" data-widget_type=\"heading.default\">\n\t\t\t\t<div class=\"elementor-widget-container\">\n\t\t\t\t\t<h2 class=\"elementor-heading-title elementor-size-default\">Im\u00e1genes de arquitectura no construida<\/h2>\t\t\t\t<\/div>\n\t\t\t\t<\/div>\n\t\t\t\t<\/div>\n\t\t<div class=\"elementor-element elementor-element-0fe53f8 e-con-full e-flex e-con e-child\" data-id=\"0fe53f8\" data-element_type=\"container\" data-e-type=\"container\">\n\t\t\t\t<div class=\"elementor-element elementor-element-b67ceb2 elementor-widget elementor-widget-image\" data-id=\"b67ceb2\" data-element_type=\"widget\" data-e-type=\"widget\" data-widget_type=\"image.default\">\n\t\t\t\t<div class=\"elementor-widget-container\">\n\t\t\t\t\t\t\t\t\t\t\t\t\t\t\t<img loading=\"lazy\" decoding=\"async\" width=\"800\" height=\"500\" src=\"https:\/\/drama.art\/wp-content\/uploads\/2022\/09\/DRAMA_GRASSHOPPER-1024x640.jpg\" class=\"attachment-large size-large wp-image-4535\" alt=\"\" srcset=\"https:\/\/drama.art\/wp-content\/uploads\/2022\/09\/DRAMA_GRASSHOPPER-1024x640.jpg 1024w, https:\/\/drama.art\/wp-content\/uploads\/2022\/09\/DRAMA_GRASSHOPPER-300x188.jpg 300w, https:\/\/drama.art\/wp-content\/uploads\/2022\/09\/DRAMA_GRASSHOPPER-768x480.jpg 768w, https:\/\/drama.art\/wp-content\/uploads\/2022\/09\/DRAMA_GRASSHOPPER-1536x960.jpg 1536w, https:\/\/drama.art\/wp-content\/uploads\/2022\/09\/DRAMA_GRASSHOPPER.jpg 1600w\" sizes=\"(max-width: 800px) 100vw, 800px\" \/>\t\t\t\t\t\t\t\t\t\t\t\t\t\t\t<\/div>\n\t\t\t\t<\/div>\n\t\t\t\t<div class=\"elementor-element elementor-element-79a7298 elementor-widget elementor-widget-heading\" data-id=\"79a7298\" data-element_type=\"widget\" data-e-type=\"widget\" data-widget_type=\"heading.default\">\n\t\t\t\t<div class=\"elementor-widget-container\">\n\t\t\t\t\t<h2 class=\"elementor-heading-title elementor-size-default\">CREATIVIDAD<\/h2>\t\t\t\t<\/div>\n\t\t\t\t<\/div>\n\t\t\t\t<div class=\"elementor-element elementor-element-8521f69 elementor-widget elementor-widget-heading\" data-id=\"8521f69\" data-element_type=\"widget\" data-e-type=\"widget\" data-widget_type=\"heading.default\">\n\t\t\t\t<div class=\"elementor-widget-container\">\n\t\t\t\t\t<h2 class=\"elementor-heading-title elementor-size-default\">Podemos ayudarle en el proceso de dise\u00f1o<\/h2>\t\t\t\t<\/div>\n\t\t\t\t<\/div>\n\t\t\t\t<\/div>\n\t\t<div class=\"elementor-element elementor-element-e37f145 e-con-full e-flex e-con e-child\" data-id=\"e37f145\" data-element_type=\"container\" data-e-type=\"container\">\n\t\t\t\t<div class=\"elementor-element elementor-element-6e75be2 elementor-widget elementor-widget-image\" data-id=\"6e75be2\" data-element_type=\"widget\" data-e-type=\"widget\" data-widget_type=\"image.default\">\n\t\t\t\t<div class=\"elementor-widget-container\">\n\t\t\t\t\t\t\t\t\t\t\t\t\t\t\t<img loading=\"lazy\" decoding=\"async\" width=\"800\" height=\"450\" src=\"https:\/\/drama.art\/wp-content\/uploads\/2022\/09\/HACIENDA_AYALA_DRAMA_MAQUETA_2-1024x576.jpg\" class=\"attachment-large size-large wp-image-4245\" alt=\"\" srcset=\"https:\/\/drama.art\/wp-content\/uploads\/2022\/09\/HACIENDA_AYALA_DRAMA_MAQUETA_2-1024x576.jpg 1024w, https:\/\/drama.art\/wp-content\/uploads\/2022\/09\/HACIENDA_AYALA_DRAMA_MAQUETA_2-300x169.jpg 300w, https:\/\/drama.art\/wp-content\/uploads\/2022\/09\/HACIENDA_AYALA_DRAMA_MAQUETA_2-768x432.jpg 768w, https:\/\/drama.art\/wp-content\/uploads\/2022\/09\/HACIENDA_AYALA_DRAMA_MAQUETA_2-1536x864.jpg 1536w, https:\/\/drama.art\/wp-content\/uploads\/2022\/09\/HACIENDA_AYALA_DRAMA_MAQUETA_2-2048x1153.jpg 2048w\" sizes=\"(max-width: 800px) 100vw, 800px\" \/>\t\t\t\t\t\t\t\t\t\t\t\t\t\t\t<\/div>\n\t\t\t\t<\/div>\n\t\t\t\t<div class=\"elementor-element elementor-element-1467553 elementor-widget elementor-widget-heading\" data-id=\"1467553\" data-element_type=\"widget\" data-e-type=\"widget\" data-widget_type=\"heading.default\">\n\t\t\t\t<div class=\"elementor-widget-container\">\n\t\t\t\t\t<h2 class=\"elementor-heading-title elementor-size-default\">MODELO 3D<\/h2>\t\t\t\t<\/div>\n\t\t\t\t<\/div>\n\t\t\t\t<div class=\"elementor-element elementor-element-af6c13a elementor-widget elementor-widget-heading\" data-id=\"af6c13a\" data-element_type=\"widget\" data-e-type=\"widget\" data-widget_type=\"heading.default\">\n\t\t\t\t<div class=\"elementor-widget-container\">\n\t\t\t\t\t<h2 class=\"elementor-heading-title elementor-size-default\">Modelo muy detallado de su proyecto<\/h2>\t\t\t\t<\/div>\n\t\t\t\t<\/div>\n\t\t\t\t<\/div>\n\t\t\t\t<\/div>\n\t\t\t\t<\/div>\n\t\t\t\t<\/div>\n\t\t\t\t<\/div>","protected":false},"excerpt":{"rendered":"<p>OUR SERVICES Drama began as a studio focused on competition imagery. Over time, we\u2019ve evolved by incorporating new ways to narrate architecture \u2014 from physical models to animation and video. We also offer photography and documentation of built work. ARCHITECTURE GRAPHICS We can draw you project WEB AND COPYWRITTING Let&#8217;s reach your audience VIDEO Let`s [&hellip;]<\/p>\n","protected":false},"author":1,"featured_media":0,"parent":0,"menu_order":0,"comment_status":"closed","ping_status":"closed","template":"elementor_header_footer","meta":{"_acf_changed":false,"footnotes":""},"class_list":["post-2762","page","type-page","status-publish","hentry"],"acf":[],"_links":{"self":[{"href":"https:\/\/drama.art\/es\/wp-json\/wp\/v2\/pages\/2762","targetHints":{"allow":["GET"]}}],"collection":[{"href":"https:\/\/drama.art\/es\/wp-json\/wp\/v2\/pages"}],"about":[{"href":"https:\/\/drama.art\/es\/wp-json\/wp\/v2\/types\/page"}],"author":[{"embeddable":true,"href":"https:\/\/drama.art\/es\/wp-json\/wp\/v2\/users\/1"}],"replies":[{"embeddable":true,"href":"https:\/\/drama.art\/es\/wp-json\/wp\/v2\/comments?post=2762"}],"version-history":[{"count":3,"href":"https:\/\/drama.art\/es\/wp-json\/wp\/v2\/pages\/2762\/revisions"}],"predecessor-version":[{"id":50927,"href":"https:\/\/drama.art\/es\/wp-json\/wp\/v2\/pages\/2762\/revisions\/50927"}],"wp:attachment":[{"href":"https:\/\/drama.art\/es\/wp-json\/wp\/v2\/media?parent=2762"}],"curies":[{"name":"wp","href":"https:\/\/api.w.org\/{rel}","templated":true}]}}