{"id":1757,"date":"2021-11-19T09:35:33","date_gmt":"2021-11-19T09:35:33","guid":{"rendered":"http:\/\/cm7.525.mywebsitetransfer.com\/?page_id=1757"},"modified":"2026-01-24T12:32:36","modified_gmt":"2026-01-24T12:32:36","slug":"workflow","status":"publish","type":"page","link":"https:\/\/drama.art\/de\/workflow\/","title":{"rendered":"Arbeitsablauf"},"content":{"rendered":"<div data-elementor-type=\"wp-page\" data-elementor-id=\"1757\" class=\"elementor elementor-1757\" data-elementor-post-type=\"page\">\n\t\t\t\t<div class=\"elementor-element elementor-element-02c46ed e-con-full e-flex e-con e-parent\" data-id=\"02c46ed\" data-element_type=\"container\" data-e-type=\"container\">\n\t\t<div class=\"elementor-element elementor-element-f5311cf e-con-full e-flex e-con e-child\" data-id=\"f5311cf\" data-element_type=\"container\" data-e-type=\"container\">\n\t\t<div class=\"elementor-element elementor-element-ef74899 e-con-full e-flex e-con e-child\" data-id=\"ef74899\" data-element_type=\"container\" data-e-type=\"container\">\n\t\t<div class=\"elementor-element elementor-element-a0a9dd5 e-con-full e-flex e-con e-child\" data-id=\"a0a9dd5\" data-element_type=\"container\" data-e-type=\"container\">\n\t\t\t\t<div class=\"elementor-element elementor-element-e1bf903 elementor-widget elementor-widget-text-editor\" data-id=\"e1bf903\" data-element_type=\"widget\" data-e-type=\"widget\" data-widget_type=\"text-editor.default\">\n\t\t\t\t<div class=\"elementor-widget-container\">\n\t\t\t\t\t\t\t\t\t<p>Alles beginnt mit einem Gespr\u00e4ch. Sobald Sie uns von Ihrem Projekt, dem Zeitplan und Ihren Zielen erz\u00e4hlen, organisieren wir uns, um uns optimal anzupassen und Ihnen in k\u00fcrzester Zeit das beste Ergebnis zu liefern.<br \/>Wir planen stets mit drei oder vier Korrekturrunden, je nachdem, ob Sie uns das Projekt bereits modelliert \u00fcbergeben. F\u00fcr uns ist es entscheidend, den Lieferprozess jederzeit im Griff zu behalten \u2013 aber auch, Ihnen die Entscheidungsfindung zu erleichtern, indem wir m\u00f6gliche Komplikationen auf ein Minimum reduzieren. Wir sind flexibel, aber wir haben eine klare Methode.<\/p>\t\t\t\t\t\t\t\t<\/div>\n\t\t\t\t<\/div>\n\t\t\t\t<\/div>\n\t\t\t\t<div class=\"elementor-element elementor-element-dc637bb elementor-widget elementor-widget-heading\" data-id=\"dc637bb\" data-element_type=\"widget\" data-e-type=\"widget\" data-widget_type=\"heading.default\">\n\t\t\t\t<div class=\"elementor-widget-container\">\n\t\t\t\t\t<h2 class=\"elementor-heading-title elementor-size-default\">Arbeitsablauf<\/h2>\t\t\t\t<\/div>\n\t\t\t\t<\/div>\n\t\t\t\t<div class=\"elementor-element elementor-element-72a023b elementor-widget-divider--view-line elementor-widget elementor-widget-divider\" data-id=\"72a023b\" data-element_type=\"widget\" data-e-type=\"widget\" data-widget_type=\"divider.default\">\n\t\t\t\t<div class=\"elementor-widget-container\">\n\t\t\t\t\t\t\t<div class=\"elementor-divider\">\n\t\t\t<span class=\"elementor-divider-separator\">\n\t\t\t\t\t\t<\/span>\n\t\t<\/div>\n\t\t\t\t\t\t<\/div>\n\t\t\t\t<\/div>\n\t\t<div class=\"elementor-element elementor-element-fb9cc75 e-con-full e-flex e-con e-child\" data-id=\"fb9cc75\" data-element_type=\"container\" data-e-type=\"container\">\n\t\t<div class=\"elementor-element elementor-element-391afba e-con-full e-flex e-con e-child\" data-id=\"391afba\" data-element_type=\"container\" data-e-type=\"container\">\n\t\t\t\t<div class=\"elementor-element elementor-element-8588d6f elementor-widget elementor-widget-eael-progress-bar\" data-id=\"8588d6f\" data-element_type=\"widget\" data-e-type=\"widget\" data-widget_type=\"eael-progress-bar.default\">\n\t\t\t\t<div class=\"elementor-widget-container\">\n\t\t\t\t\t<div class=\"eael-progressbar-circle-container center\">\n                <div class=\"eael-progressbar eael-progressbar-half-circle\" data-layout=\"half_circle\" data-count=\"25\" data-duration=\"1500\">\n                    <div class=\"eael-progressbar-circle\">\n                        <div class=\"eael-progressbar-circle-pie\">\n                            <div class=\"eael-progressbar-circle-half\" style=\"-webkit-transition-duration:1500ms;-o-transition-duration:1500ms;transition-duration:1500ms;\"><\/div>\n                        <\/div>\n                        <div class=\"eael-progressbar-circle-inner\"><\/div>\n                    <\/div>\n                    <div class=\"eael-progressbar-circle-inner-content\">\n                        <div class=\"eael-progressbar-title\">3d<\/div>\n                        <span class=\"eael-progressbar-count-wrap\"><span class=\"eael-progressbar-count\">0<\/span><span class=\"postfix\">%<\/span><\/span>\n                    <\/div>\n                <\/div>\n                <div class=\"eael-progressbar-half-circle-after\">\n                    \n                    \n                <\/div>\n            <\/div>\t\t\t\t<\/div>\n\t\t\t\t<\/div>\n\t\t\t\t<div class=\"elementor-element elementor-element-560b480 elementor-widget elementor-widget-text-editor\" data-id=\"560b480\" data-element_type=\"widget\" data-e-type=\"widget\" data-widget_type=\"text-editor.default\">\n\t\t\t\t<div class=\"elementor-widget-container\">\n\t\t\t\t\t\t\t\t\t<p>Wir erstellen pr\u00e4zise 3D-Modelle anhand von Architekturpl\u00e4nen und Referenzen. Von gro\u00dfen Volumina bis hin zu feinen Materialdetails - alles wird mit Pr\u00e4zision gefertigt, um Realismus und Klarheit zu gew\u00e4hrleisten.<\/p>\t\t\t\t\t\t\t\t<\/div>\n\t\t\t\t<\/div>\n\t\t\t\t<\/div>\n\t\t<div class=\"elementor-element elementor-element-2ce2d86 e-con-full e-flex e-con e-child\" data-id=\"2ce2d86\" data-element_type=\"container\" data-e-type=\"container\">\n\t\t\t\t<div class=\"elementor-element elementor-element-c4bff09 elementor-widget elementor-widget-eael-progress-bar\" data-id=\"c4bff09\" data-element_type=\"widget\" data-e-type=\"widget\" data-widget_type=\"eael-progress-bar.default\">\n\t\t\t\t<div class=\"elementor-widget-container\">\n\t\t\t\t\t<div class=\"eael-progressbar-circle-container center\">\n                <div class=\"eael-progressbar eael-progressbar-half-circle\" data-layout=\"half_circle\" data-count=\"25\" data-duration=\"1500\">\n                    <div class=\"eael-progressbar-circle\">\n                        <div class=\"eael-progressbar-circle-pie\">\n                            <div class=\"eael-progressbar-circle-half\" style=\"-webkit-transition-duration:1500ms;-o-transition-duration:1500ms;transition-duration:1500ms;\"><\/div>\n                        <\/div>\n                        <div class=\"eael-progressbar-circle-inner\"><\/div>\n                    <\/div>\n                    <div class=\"eael-progressbar-circle-inner-content\">\n                        <div class=\"eael-progressbar-title\">KONZEPT<\/div>\n                        <span class=\"eael-progressbar-count-wrap\"><span class=\"eael-progressbar-count\">0<\/span><span class=\"postfix\">%<\/span><\/span>\n                    <\/div>\n                <\/div>\n                <div class=\"eael-progressbar-half-circle-after\">\n                    \n                    \n                <\/div>\n            <\/div>\t\t\t\t<\/div>\n\t\t\t\t<\/div>\n\t\t\t\t<div class=\"elementor-element elementor-element-f191fc7 elementor-widget elementor-widget-text-editor\" data-id=\"f191fc7\" data-element_type=\"widget\" data-e-type=\"widget\" data-widget_type=\"text-editor.default\">\n\t\t\t\t<div class=\"elementor-widget-container\">\n\t\t\t\t\t\t\t\t\t<p>Sobald das 3D-Modell steht, entwickeln wir Skizzen und Kompositionsstudien, um Atmosph\u00e4re, Story und Kameraeinstellungen zu definieren \u2013 immer im perfekten Einklang mit den Zielen Ihres Projekts.<\/p>\t\t\t\t\t\t\t\t<\/div>\n\t\t\t\t<\/div>\n\t\t\t\t<\/div>\n\t\t<div class=\"elementor-element elementor-element-308a631 e-con-full e-flex e-con e-child\" data-id=\"308a631\" data-element_type=\"container\" data-e-type=\"container\">\n\t\t\t\t<div class=\"elementor-element elementor-element-bc75e1c elementor-widget elementor-widget-eael-progress-bar\" data-id=\"bc75e1c\" data-element_type=\"widget\" data-e-type=\"widget\" data-widget_type=\"eael-progress-bar.default\">\n\t\t\t\t<div class=\"elementor-widget-container\">\n\t\t\t\t\t<div class=\"eael-progressbar-circle-container center\">\n                <div class=\"eael-progressbar eael-progressbar-half-circle\" data-layout=\"half_circle\" data-count=\"25\" data-duration=\"1500\">\n                    <div class=\"eael-progressbar-circle\">\n                        <div class=\"eael-progressbar-circle-pie\">\n                            <div class=\"eael-progressbar-circle-half\" style=\"-webkit-transition-duration:1500ms;-o-transition-duration:1500ms;transition-duration:1500ms;\"><\/div>\n                        <\/div>\n                        <div class=\"eael-progressbar-circle-inner\"><\/div>\n                    <\/div>\n                    <div class=\"eael-progressbar-circle-inner-content\">\n                        <div class=\"eael-progressbar-title\">VERM\u00d6GEN<\/div>\n                        <span class=\"eael-progressbar-count-wrap\"><span class=\"eael-progressbar-count\">0<\/span><span class=\"postfix\">%<\/span><\/span>\n                    <\/div>\n                <\/div>\n                <div class=\"eael-progressbar-half-circle-after\">\n                    \n                    \n                <\/div>\n            <\/div>\t\t\t\t<\/div>\n\t\t\t\t<\/div>\n\t\t\t\t<div class=\"elementor-element elementor-element-3ddda9a elementor-widget elementor-widget-text-editor\" data-id=\"3ddda9a\" data-element_type=\"widget\" data-e-type=\"widget\" data-widget_type=\"text-editor.default\">\n\t\t\t\t<div class=\"elementor-widget-container\">\n\t\t\t\t\t\t\t\t\t<p>Wir bringen Leben in die Szene, indem wir Vegetation und menschliche Figuren sorgf\u00e4ltig platzieren. Diese Elemente werden so ausgew\u00e4hlt und komponiert, dass sie den Ma\u00dfstab, die Atmosph\u00e4re und die Erz\u00e4hlung verst\u00e4rken, ohne die Architektur zu erdr\u00fccken.<\/p>\t\t\t\t\t\t\t\t<\/div>\n\t\t\t\t<\/div>\n\t\t\t\t<\/div>\n\t\t<div class=\"elementor-element elementor-element-abdddcc e-con-full e-flex e-con e-child\" data-id=\"abdddcc\" data-element_type=\"container\" data-e-type=\"container\">\n\t\t\t\t<div class=\"elementor-element elementor-element-6e0a90f elementor-widget elementor-widget-eael-progress-bar\" data-id=\"6e0a90f\" data-element_type=\"widget\" data-e-type=\"widget\" data-widget_type=\"eael-progress-bar.default\">\n\t\t\t\t<div class=\"elementor-widget-container\">\n\t\t\t\t\t<div class=\"eael-progressbar-circle-container center\">\n                <div class=\"eael-progressbar eael-progressbar-half-circle\" data-layout=\"half_circle\" data-count=\"25\" data-duration=\"1500\">\n                    <div class=\"eael-progressbar-circle\">\n                        <div class=\"eael-progressbar-circle-pie\">\n                            <div class=\"eael-progressbar-circle-half\" style=\"-webkit-transition-duration:1500ms;-o-transition-duration:1500ms;transition-duration:1500ms;\"><\/div>\n                        <\/div>\n                        <div class=\"eael-progressbar-circle-inner\"><\/div>\n                    <\/div>\n                    <div class=\"eael-progressbar-circle-inner-content\">\n                        <div class=\"eael-progressbar-title\">ART + AI<\/div>\n                        <span class=\"eael-progressbar-count-wrap\"><span class=\"eael-progressbar-count\">0<\/span><span class=\"postfix\">%<\/span><\/span>\n                    <\/div>\n                <\/div>\n                <div class=\"eael-progressbar-half-circle-after\">\n                    \n                    \n                <\/div>\n            <\/div>\t\t\t\t<\/div>\n\t\t\t\t<\/div>\n\t\t\t\t<div class=\"elementor-element elementor-element-753ebfc elementor-widget elementor-widget-text-editor\" data-id=\"753ebfc\" data-element_type=\"widget\" data-e-type=\"widget\" data-widget_type=\"text-editor.default\">\n\t\t\t\t<div class=\"elementor-widget-container\">\n\t\t\t\t\t\t\t\t\t<p>Unser Workflow ist nach wie vor echte Handarbeit, aber dank KI verleihen wir der Szene eine menschlichere Note und binden Elemente ein, die noch spezifischer auf das jeweilige Projekt zugeschnitten sind. Mit ein paar gezielten Licht- und Farbanpassungen sorgen wir abschlie\u00dfend daf\u00fcr, dass das Ergebnis sowohl auf dem Bildschirm als auch im Druck makellos wirkt.<\/p>\t\t\t\t\t\t\t\t<\/div>\n\t\t\t\t<\/div>\n\t\t\t\t<\/div>\n\t\t\t\t<\/div>\n\t\t\t\t<\/div>\n\t\t\t\t<\/div>\n\t\t\t\t<\/div>\n\t\t<div class=\"elementor-element elementor-element-8ae4857 e-con-full e-flex e-con e-parent\" data-id=\"8ae4857\" data-element_type=\"container\" data-e-type=\"container\">\n\t\t\t\t<div class=\"elementor-element elementor-element-c89a705 elementor-widget-divider--view-line elementor-widget elementor-widget-divider\" data-id=\"c89a705\" data-element_type=\"widget\" data-e-type=\"widget\" data-widget_type=\"divider.default\">\n\t\t\t\t<div class=\"elementor-widget-container\">\n\t\t\t\t\t\t\t<div class=\"elementor-divider\">\n\t\t\t<span class=\"elementor-divider-separator\">\n\t\t\t\t\t\t<\/span>\n\t\t<\/div>\n\t\t\t\t\t\t<\/div>\n\t\t\t\t<\/div>\n\t\t\t\t<\/div>\n\t\t<div class=\"elementor-element elementor-element-badf27c e-con-full e-flex e-con e-parent\" data-id=\"badf27c\" data-element_type=\"container\" data-e-type=\"container\">\n\t\t\t\t<div class=\"elementor-element elementor-element-28a8a7d elementor-widget elementor-widget-text-editor\" data-id=\"28a8a7d\" data-element_type=\"widget\" data-e-type=\"widget\" data-widget_type=\"text-editor.default\">\n\t\t\t\t<div class=\"elementor-widget-container\">\n\t\t\t\t\t\t\t\t\t<p>Unsere Standardlieferzeit betr\u00e4gt <strong>10 Arbeitstage<\/strong>. Jede Phase des Prozesses wird sorgf\u00e4ltig geplant - vom ersten Konzept bis zur endg\u00fcltigen Gestaltung - um Qualit\u00e4t ohne Verz\u00f6gerungen zu gew\u00e4hrleisten.<\/p>\t\t\t\t\t\t\t\t<\/div>\n\t\t\t\t<\/div>\n\t\t\t\t<div class=\"elementor-element elementor-element-06fde50 elementor-widget elementor-widget-text-editor\" data-id=\"06fde50\" data-element_type=\"widget\" data-e-type=\"widget\" data-widget_type=\"text-editor.default\">\n\t\t\t\t<div class=\"elementor-widget-container\">\n\t\t\t\t\t\t\t\t\t<p>Wenn Sie Fragen zu unserem Verfahren haben, k\u00f6nnen Sie sich gerne an uns wenden. Sie k\u00f6nnen uns per E-Mail oder WhatsApp kontaktieren, indem Sie einfach auf die Links klicken - wir helfen Ihnen gerne weiter.<\/p>\t\t\t\t\t\t\t\t<\/div>\n\t\t\t\t<\/div>\n\t\t\t\t<\/div>\n\t\t<div class=\"elementor-element elementor-element-a2400e1 e-flex e-con-boxed e-con e-parent\" data-id=\"a2400e1\" data-element_type=\"container\" data-e-type=\"container\">\n\t\t\t\t\t<div class=\"e-con-inner\">\n\t\t<div class=\"elementor-element elementor-element-c7941e9 e-con-full e-flex e-con e-child\" data-id=\"c7941e9\" data-element_type=\"container\" data-e-type=\"container\">\n\t\t\t\t<div class=\"elementor-element elementor-element-4d86140 elementor-shape-circle elementor-grid-0 e-grid-align-center elementor-widget elementor-widget-social-icons\" data-id=\"4d86140\" data-element_type=\"widget\" data-e-type=\"widget\" data-widget_type=\"social-icons.default\">\n\t\t\t\t<div class=\"elementor-widget-container\">\n\t\t\t\t\t\t\t<div class=\"elementor-social-icons-wrapper elementor-grid\" role=\"list\">\n\t\t\t\t\t\t\t<span class=\"elementor-grid-item\" role=\"listitem\">\n\t\t\t\t\t<a class=\"elementor-icon elementor-social-icon elementor-social-icon-whatsapp elementor-repeater-item-e57ddfa\" href=\"https:\/\/api.whatsapp.com\/send?phone=+34632614753\" target=\"_blank\">\n\t\t\t\t\t\t<span class=\"elementor-screen-only\">Whatsapp<\/span>\n\t\t\t\t\t\t<svg aria-hidden=\"true\" class=\"e-font-icon-svg e-fab-whatsapp\" viewbox=\"0 0 448 512\" xmlns=\"http:\/\/www.w3.org\/2000\/svg\"><path d=\"M380.9 97.1C339 55.1 283.2 32 223.9 32c-122.4 0-222 99.6-222 222 0 39.1 10.2 77.3 29.6 111L0 480l117.7-30.9c32.4 17.7 68.9 27 106.1 27h.1c122.3 0 224.1-99.6 224.1-222 0-59.3-25.2-115-67.1-157zm-157 341.6c-33.2 0-65.7-8.9-94-25.7l-6.7-4-69.8 18.3L72 359.2l-4.4-7c-18.5-29.4-28.2-63.3-28.2-98.2 0-101.7 82.8-184.5 184.6-184.5 49.3 0 95.6 19.2 130.4 54.1 34.8 34.9 56.2 81.2 56.1 130.5 0 101.8-84.9 184.6-186.6 184.6zm101.2-138.2c-5.5-2.8-32.8-16.2-37.9-18-5.1-1.9-8.8-2.8-12.5 2.8-3.7 5.6-14.3 18-17.6 21.8-3.2 3.7-6.5 4.2-12 1.4-32.6-16.3-54-29.1-75.5-66-5.7-9.8 5.7-9.1 16.3-30.3 1.8-3.7.9-6.9-.5-9.7-1.4-2.8-12.5-30.1-17.1-41.2-4.5-10.8-9.1-9.3-12.5-9.5-3.2-.2-6.9-.2-10.6-.2-3.7 0-9.7 1.4-14.8 6.9-5.1 5.6-19.4 19-19.4 46.3 0 27.3 19.9 53.7 22.6 57.4 2.8 3.7 39.1 59.7 94.8 83.8 35.2 15.2 49 16.5 66.6 13.9 10.7-1.6 32.8-13.4 37.4-26.4 4.6-13 4.6-24.1 3.2-26.4-1.3-2.5-5-3.9-10.5-6.6z\"><\/path><\/svg>\t\t\t\t\t<\/a>\n\t\t\t\t<\/span>\n\t\t\t\t\t\t\t<span class=\"elementor-grid-item\" role=\"listitem\">\n\t\t\t\t\t<a class=\"elementor-icon elementor-social-icon elementor-social-icon-telegram elementor-repeater-item-e56485b\" href=\"https:\/\/t.me\/franmateoscano\" target=\"_blank\">\n\t\t\t\t\t\t<span class=\"elementor-screen-only\">Telegramm<\/span>\n\t\t\t\t\t\t<svg aria-hidden=\"true\" class=\"e-font-icon-svg e-fab-telegram\" viewbox=\"0 0 496 512\" xmlns=\"http:\/\/www.w3.org\/2000\/svg\"><path d=\"M248 8C111 8 0 119 0 256s111 248 248 248 248-111 248-248S385 8 248 8zm121.8 169.9l-40.7 191.8c-3 13.6-11.1 16.9-22.4 10.5l-62-45.7-29.9 28.8c-3.3 3.3-6.1 6.1-12.5 6.1l4.4-63.1 114.9-103.8c5-4.4-1.1-6.9-7.7-2.5l-142 89.4-61.2-19.1c-13.3-4.2-13.6-13.3 2.8-19.7l239.1-92.2c11.1-4 20.8 2.7 17.2 19.5z\"><\/path><\/svg>\t\t\t\t\t<\/a>\n\t\t\t\t<\/span>\n\t\t\t\t\t\t\t<span class=\"elementor-grid-item\" role=\"listitem\">\n\t\t\t\t\t<a class=\"elementor-icon elementor-social-icon elementor-social-icon-phone-alt elementor-repeater-item-ca62ddc\" href=\"tel:+34632614753\" target=\"_blank\">\n\t\t\t\t\t\t<span class=\"elementor-screen-only\">Telefon-alt<\/span>\n\t\t\t\t\t\t<svg aria-hidden=\"true\" class=\"e-font-icon-svg e-fas-phone-alt\" viewbox=\"0 0 512 512\" xmlns=\"http:\/\/www.w3.org\/2000\/svg\"><path d=\"M497.39 361.8l-112-48a24 24 0 0 0-28 6.9l-49.6 60.6A370.66 370.66 0 0 1 130.6 204.11l60.6-49.6a23.94 23.94 0 0 0 6.9-28l-48-112A24.16 24.16 0 0 0 122.6.61l-104 24A24 24 0 0 0 0 48c0 256.5 207.9 464 464 464a24 24 0 0 0 23.4-18.6l24-104a24.29 24.29 0 0 0-14.01-27.6z\"><\/path><\/svg>\t\t\t\t\t<\/a>\n\t\t\t\t<\/span>\n\t\t\t\t\t<\/div>\n\t\t\t\t\t\t<\/div>\n\t\t\t\t<\/div>\n\t\t\t\t<\/div>\n\t\t\t\t\t<\/div>\n\t\t\t\t<\/div>\n\t\t<div class=\"elementor-element elementor-element-0f1b29b e-flex e-con-boxed e-con e-parent\" data-id=\"0f1b29b\" data-element_type=\"container\" data-e-type=\"container\">\n\t\t\t\t\t<div class=\"e-con-inner\">\n\t\t\t\t<div class=\"elementor-element elementor-element-815d59f elementor-widget-divider--view-line elementor-widget elementor-widget-divider\" data-id=\"815d59f\" data-element_type=\"widget\" data-e-type=\"widget\" data-widget_type=\"divider.default\">\n\t\t\t\t<div class=\"elementor-widget-container\">\n\t\t\t\t\t\t\t<div class=\"elementor-divider\">\n\t\t\t<span class=\"elementor-divider-separator\">\n\t\t\t\t\t\t<\/span>\n\t\t<\/div>\n\t\t\t\t\t\t<\/div>\n\t\t\t\t<\/div>\n\t\t\t\t\t<\/div>\n\t\t\t\t<\/div>\n\t\t\t\t<\/div>","protected":false},"excerpt":{"rendered":"<p>Everything starts with a conversation. Once you tell us about your project, the timeline, and what you hope to achieve, we\u2019ll organize ourselves to adapt and deliver the best result in the shortest possible time.We always aim for three or four review rounds, depending on whether you provide the modeled project. For us, it\u2019s essential [&hellip;]<\/p>\n","protected":false},"author":1,"featured_media":0,"parent":0,"menu_order":0,"comment_status":"closed","ping_status":"closed","template":"elementor_header_footer","meta":{"_acf_changed":false,"footnotes":""},"class_list":["post-1757","page","type-page","status-publish","hentry"],"acf":[],"_links":{"self":[{"href":"https:\/\/drama.art\/de\/wp-json\/wp\/v2\/pages\/1757","targetHints":{"allow":["GET"]}}],"collection":[{"href":"https:\/\/drama.art\/de\/wp-json\/wp\/v2\/pages"}],"about":[{"href":"https:\/\/drama.art\/de\/wp-json\/wp\/v2\/types\/page"}],"author":[{"embeddable":true,"href":"https:\/\/drama.art\/de\/wp-json\/wp\/v2\/users\/1"}],"replies":[{"embeddable":true,"href":"https:\/\/drama.art\/de\/wp-json\/wp\/v2\/comments?post=1757"}],"version-history":[{"count":0,"href":"https:\/\/drama.art\/de\/wp-json\/wp\/v2\/pages\/1757\/revisions"}],"wp:attachment":[{"href":"https:\/\/drama.art\/de\/wp-json\/wp\/v2\/media?parent=1757"}],"curies":[{"name":"wp","href":"https:\/\/api.w.org\/{rel}","templated":true}]}}